{"id":1653,"date":"2025-01-30T11:44:14","date_gmt":"2025-01-30T11:44:14","guid":{"rendered":"https:\/\/agrumsa.com\/?page_id=1653"},"modified":"2025-01-30T11:44:14","modified_gmt":"2025-01-30T11:44:14","slug":"accessibilite","status":"publish","type":"page","link":"https:\/\/agrumsa.com\/fr\/accessibilite\/","title":{"rendered":"Accessibilit\u00e9"},"content":{"rendered":"\t\t<div data-elementor-type=\"wp-page\" data-elementor-id=\"1653\" class=\"elementor elementor-1653 elementor-1651\" data-elementor-post-type=\"page\">\n\t\t\t\t<div class=\"elementor-element elementor-element-370e8e5 e-con-full e-flex e-con e-parent\" data-id=\"370e8e5\" data-element_type=\"container\" data-settings=\"{&quot;background_background&quot;:&quot;classic&quot;}\">\n\t\t\t\t<div class=\"elementor-element elementor-element-5da7c49 jltma-glass-effect-no elementor-widget elementor-widget-heading\" data-id=\"5da7c49\" data-element_type=\"widget\" data-widget_type=\"heading.default\">\n\t\t\t\t<div class=\"elementor-widget-container\">\n\t\t\t\t\t<h2 class=\"elementor-heading-title elementor-size-default\">D\u00e9claration d'accessibilit\u00e9<\/h2>\t\t\t\t<\/div>\n\t\t\t\t<\/div>\n\t\t\t\t<\/div>\n\t\t<div class=\"elementor-element elementor-element-1a2dcd02 e-flex e-con-boxed e-con e-parent\" data-id=\"1a2dcd02\" data-element_type=\"container\">\n\t\t\t\t\t<div class=\"e-con-inner\">\n\t\t\t\t<div class=\"elementor-element elementor-element-75b74de1 jltma-glass-effect-no elementor-widget elementor-widget-text-editor\" data-id=\"75b74de1\" data-element_type=\"widget\" data-widget_type=\"text-editor.default\">\n\t\t\t\t<div class=\"elementor-widget-container\">\n\t\t\t\t\t\t\t\t\t\n<p>Nous voulons que tous ceux qui visitent le site <a href=\"http:\/\/agrumsa.com\/\">agrumsa.com<\/a> se sentent les bienvenus et trouvent l&rsquo;exp\u00e9rience enrichissante.<\/p>\n<h3><strong>Que faisons-nous ?<\/strong><\/h3>\n<p>Pour nous aider \u00e0 faire du site web d&rsquo;Agrumsa un endroit positif pour tout le monde, nous avons utilis\u00e9 les lignes directrices pour l&rsquo;accessibilit\u00e9 des contenus web (WCAG) 2.1.\nCes lignes directrices expliquent comment rendre le contenu Web plus accessible aux personnes handicap\u00e9es et plus facile \u00e0 utiliser pour tout le monde. <\/p>\n<p>Les guides ont trois niveaux d&rsquo;accessibilit\u00e9 (A, AA et AAA).\nNous avons choisi le niveau AA comme cible pour le site <a href=\"\">agrumsa.com.<\/a> <\/p>\n<h3><strong>O\u00f9 en sommes-nous ?<\/strong><\/h3>\n<p>Nous avons beaucoup travaill\u00e9 sur le site web d&rsquo;Agrumsa et nous pensons avoir atteint notre objectif d&rsquo;une accessibilit\u00e9 de niveau AA.\nNous contr\u00f4lons r\u00e9guli\u00e8rement le site web pour maintenir ce niveau, mais si vous rencontrez des probl\u00e8mes, n&rsquo;h\u00e9sitez pas \u00e0 nous contacter. <\/p>\n<h3><strong>Dites-nous ce que vous en pensez<\/strong><\/h3>\n<p>Si vous avez appr\u00e9ci\u00e9 l&rsquo;utilisation du site web d&rsquo;Agrumsa ou si vous avez rencontr\u00e9 des probl\u00e8mes avec l&rsquo;une ou l&rsquo;autre de ses parties, n&rsquo;h\u00e9sitez pas \u00e0 nous contacter.\nNous aimerions que vous nous contactiez de l&rsquo;une des mani\u00e8res suivantes : <\/p>\n<p><strong>\u00c9crivez-nous<\/strong> \u00e0 info@agrumsa.com<\/p>\n<p><strong>Appelez-nous au<\/strong> 555-0120<\/p>\n<p>Contactez-nous \u00e0 l&rsquo;adresse suivante <a href=\"http:\/\/agrumsa.com\/\">: http:\/\/agrumsa.com\/#contacto<\/a><\/p>\n\t\t\t\t\t\t\t\t<\/div>\n\t\t\t\t<\/div>\n\t\t\t\t\t<\/div>\n\t\t\t\t<\/div>\n\t\t\t\t<\/div>\n\t\t","protected":false},"excerpt":{"rendered":"<p>D\u00e9claration d&rsquo;accessibilit\u00e9 Nous voulons que tous ceux qui visitent le site agrumsa.com se sentent les bienvenus et trouvent l&rsquo;exp\u00e9rience enrichissante. Que faisons-nous ? Pour nous aider \u00e0 faire du site web d&rsquo;Agrumsa un endroit positif pour tout le monde, nous avons utilis\u00e9 les lignes directrices pour l&rsquo;accessibilit\u00e9 des contenus web (WCAG) 2.1. Ces lignes directrices [&hellip;]<\/p>\n","protected":false},"author":1,"featured_media":0,"parent":0,"menu_order":0,"comment_status":"closed","ping_status":"closed","template":"elementor_header_footer","meta":{"footnotes":""},"class_list":["post-1653","page","type-page","status-publish","hentry"],"yoast_head":"<!-- This site is optimized with the Yoast SEO plugin v24.6 - https:\/\/yoast.com\/wordpress\/plugins\/seo\/ -->\n<title>Accessibilit\u00e9 - Agrumsa<\/title>\n<meta name=\"robots\" content=\"index, follow, max-snippet:-1, max-image-preview:large, max-video-preview:-1\" \/>\n<link rel=\"canonical\" href=\"http:\/\/agrumsa.com\/fr\/accessibilite\/\" \/>\n<meta property=\"og:locale\" content=\"fr_FR\" \/>\n<meta property=\"og:type\" content=\"article\" \/>\n<meta property=\"og:title\" content=\"Accessibilit\u00e9 - Agrumsa\" \/>\n<meta property=\"og:description\" content=\"D\u00e9claration d&rsquo;accessibilit\u00e9 Nous voulons que tous ceux qui visitent le site agrumsa.com se sentent les bienvenus et trouvent l&rsquo;exp\u00e9rience enrichissante. Que faisons-nous ? Pour nous aider \u00e0 faire du site web d&rsquo;Agrumsa un endroit positif pour tout le monde, nous avons utilis\u00e9 les lignes directrices pour l&rsquo;accessibilit\u00e9 des contenus web (WCAG) 2.1. Ces lignes directrices [&hellip;]\" \/>\n<meta property=\"og:url\" content=\"http:\/\/agrumsa.com\/fr\/accessibilite\/\" \/>\n<meta property=\"og:site_name\" content=\"Agrumsa\" \/>\n<meta name=\"twitter:card\" content=\"summary_large_image\" \/>\n<meta name=\"twitter:label1\" content=\"Dur\u00e9e de lecture estim\u00e9e\" \/>\n\t<meta name=\"twitter:data1\" content=\"1 minute\" \/>\n<script type=\"application\/ld+json\" class=\"yoast-schema-graph\">{\"@context\":\"https:\/\/schema.org\",\"@graph\":[{\"@type\":\"WebPage\",\"@id\":\"http:\/\/agrumsa.com\/fr\/accessibilite\/\",\"url\":\"http:\/\/agrumsa.com\/fr\/accessibilite\/\",\"name\":\"Accessibilit\u00e9 - Agrumsa\",\"isPartOf\":{\"@id\":\"https:\/\/agrumsa.com\/#website\"},\"datePublished\":\"2025-01-30T11:44:14+00:00\",\"breadcrumb\":{\"@id\":\"http:\/\/agrumsa.com\/fr\/accessibilite\/#breadcrumb\"},\"inLanguage\":\"fr-FR\",\"potentialAction\":[{\"@type\":\"ReadAction\",\"target\":[\"http:\/\/agrumsa.com\/fr\/accessibilite\/\"]}]},{\"@type\":\"BreadcrumbList\",\"@id\":\"http:\/\/agrumsa.com\/fr\/accessibilite\/#breadcrumb\",\"itemListElement\":[{\"@type\":\"ListItem\",\"position\":1,\"name\":\"Portada\",\"item\":\"https:\/\/agrumsa.com\/fr\/\"},{\"@type\":\"ListItem\",\"position\":2,\"name\":\"Accessibilit\u00e9\"}]},{\"@type\":\"WebSite\",\"@id\":\"https:\/\/agrumsa.com\/#website\",\"url\":\"https:\/\/agrumsa.com\/\",\"name\":\"Agrumsa\",\"description\":\"\",\"publisher\":{\"@id\":\"https:\/\/agrumsa.com\/#organization\"},\"potentialAction\":[{\"@type\":\"SearchAction\",\"target\":{\"@type\":\"EntryPoint\",\"urlTemplate\":\"https:\/\/agrumsa.com\/?s={search_term_string}\"},\"query-input\":{\"@type\":\"PropertyValueSpecification\",\"valueRequired\":true,\"valueName\":\"search_term_string\"}}],\"inLanguage\":\"fr-FR\"},{\"@type\":\"Organization\",\"@id\":\"https:\/\/agrumsa.com\/#organization\",\"name\":\"Agrumsa\",\"url\":\"https:\/\/agrumsa.com\/\",\"logo\":{\"@type\":\"ImageObject\",\"inLanguage\":\"fr-FR\",\"@id\":\"https:\/\/agrumsa.com\/#\/schema\/logo\/image\/\",\"url\":\"https:\/\/agrumsa.com\/wp-content\/uploads\/2023\/09\/logo-agrumsa.jpg\",\"contentUrl\":\"https:\/\/agrumsa.com\/wp-content\/uploads\/2023\/09\/logo-agrumsa.jpg\",\"width\":600,\"height\":165,\"caption\":\"Agrumsa\"},\"image\":{\"@id\":\"https:\/\/agrumsa.com\/#\/schema\/logo\/image\/\"}}]}<\/script>\n<!-- \/ Yoast SEO plugin. -->","yoast_head_json":{"title":"Accessibilit\u00e9 - Agrumsa","robots":{"index":"index","follow":"follow","max-snippet":"max-snippet:-1","max-image-preview":"max-image-preview:large","max-video-preview":"max-video-preview:-1"},"canonical":"http:\/\/agrumsa.com\/fr\/accessibilite\/","og_locale":"fr_FR","og_type":"article","og_title":"Accessibilit\u00e9 - Agrumsa","og_description":"D\u00e9claration d&rsquo;accessibilit\u00e9 Nous voulons que tous ceux qui visitent le site agrumsa.com se sentent les bienvenus et trouvent l&rsquo;exp\u00e9rience enrichissante. Que faisons-nous ? Pour nous aider \u00e0 faire du site web d&rsquo;Agrumsa un endroit positif pour tout le monde, nous avons utilis\u00e9 les lignes directrices pour l&rsquo;accessibilit\u00e9 des contenus web (WCAG) 2.1. Ces lignes directrices [&hellip;]","og_url":"http:\/\/agrumsa.com\/fr\/accessibilite\/","og_site_name":"Agrumsa","twitter_card":"summary_large_image","twitter_misc":{"Dur\u00e9e de lecture estim\u00e9e":"1 minute"},"schema":{"@context":"https:\/\/schema.org","@graph":[{"@type":"WebPage","@id":"http:\/\/agrumsa.com\/fr\/accessibilite\/","url":"http:\/\/agrumsa.com\/fr\/accessibilite\/","name":"Accessibilit\u00e9 - Agrumsa","isPartOf":{"@id":"https:\/\/agrumsa.com\/#website"},"datePublished":"2025-01-30T11:44:14+00:00","breadcrumb":{"@id":"http:\/\/agrumsa.com\/fr\/accessibilite\/#breadcrumb"},"inLanguage":"fr-FR","potentialAction":[{"@type":"ReadAction","target":["http:\/\/agrumsa.com\/fr\/accessibilite\/"]}]},{"@type":"BreadcrumbList","@id":"http:\/\/agrumsa.com\/fr\/accessibilite\/#breadcrumb","itemListElement":[{"@type":"ListItem","position":1,"name":"Portada","item":"https:\/\/agrumsa.com\/fr\/"},{"@type":"ListItem","position":2,"name":"Accessibilit\u00e9"}]},{"@type":"WebSite","@id":"https:\/\/agrumsa.com\/#website","url":"https:\/\/agrumsa.com\/","name":"Agrumsa","description":"","publisher":{"@id":"https:\/\/agrumsa.com\/#organization"},"potentialAction":[{"@type":"SearchAction","target":{"@type":"EntryPoint","urlTemplate":"https:\/\/agrumsa.com\/?s={search_term_string}"},"query-input":{"@type":"PropertyValueSpecification","valueRequired":true,"valueName":"search_term_string"}}],"inLanguage":"fr-FR"},{"@type":"Organization","@id":"https:\/\/agrumsa.com\/#organization","name":"Agrumsa","url":"https:\/\/agrumsa.com\/","logo":{"@type":"ImageObject","inLanguage":"fr-FR","@id":"https:\/\/agrumsa.com\/#\/schema\/logo\/image\/","url":"https:\/\/agrumsa.com\/wp-content\/uploads\/2023\/09\/logo-agrumsa.jpg","contentUrl":"https:\/\/agrumsa.com\/wp-content\/uploads\/2023\/09\/logo-agrumsa.jpg","width":600,"height":165,"caption":"Agrumsa"},"image":{"@id":"https:\/\/agrumsa.com\/#\/schema\/logo\/image\/"}}]}},"_links":{"self":[{"href":"https:\/\/agrumsa.com\/fr\/wp-json\/wp\/v2\/pages\/1653","targetHints":{"allow":["GET"]}}],"collection":[{"href":"https:\/\/agrumsa.com\/fr\/wp-json\/wp\/v2\/pages"}],"about":[{"href":"https:\/\/agrumsa.com\/fr\/wp-json\/wp\/v2\/types\/page"}],"author":[{"embeddable":true,"href":"https:\/\/agrumsa.com\/fr\/wp-json\/wp\/v2\/users\/1"}],"replies":[{"embeddable":true,"href":"https:\/\/agrumsa.com\/fr\/wp-json\/wp\/v2\/comments?post=1653"}],"version-history":[{"count":5,"href":"https:\/\/agrumsa.com\/fr\/wp-json\/wp\/v2\/pages\/1653\/revisions"}],"predecessor-version":[{"id":1673,"href":"https:\/\/agrumsa.com\/fr\/wp-json\/wp\/v2\/pages\/1653\/revisions\/1673"}],"wp:attachment":[{"href":"https:\/\/agrumsa.com\/fr\/wp-json\/wp\/v2\/media?parent=1653"}],"curies":[{"name":"wp","href":"https:\/\/api.w.org\/{rel}","templated":true}]}}