{"id":1661,"date":"2025-01-30T11:44:27","date_gmt":"2025-01-30T11:44:27","guid":{"rendered":"https:\/\/agrumsa.com\/?page_id=1661"},"modified":"2025-01-30T11:44:27","modified_gmt":"2025-01-30T11:44:27","slug":"politique-de-confidentialite","status":"publish","type":"page","link":"http:\/\/agrumsa.com\/fr\/politique-de-confidentialite\/","title":{"rendered":"Politique de confidentialit\u00e9"},"content":{"rendered":"\t\t<div data-elementor-type=\"wp-page\" data-elementor-id=\"1661\" class=\"elementor elementor-1661 elementor-1647\" data-elementor-post-type=\"page\">\n\t\t\t\t<div class=\"elementor-element elementor-element-370e8e5 e-con-full e-flex e-con e-parent\" data-id=\"370e8e5\" data-element_type=\"container\" data-settings=\"{&quot;background_background&quot;:&quot;classic&quot;}\">\n\t\t\t\t<div class=\"elementor-element elementor-element-5da7c49 jltma-glass-effect-no elementor-widget elementor-widget-heading\" data-id=\"5da7c49\" data-element_type=\"widget\" data-widget_type=\"heading.default\">\n\t\t\t\t<div class=\"elementor-widget-container\">\n\t\t\t\t\t<h2 class=\"elementor-heading-title elementor-size-default\">Politique de confidentialit\u00e9<\/h2>\t\t\t\t<\/div>\n\t\t\t\t<\/div>\n\t\t\t\t<\/div>\n\t\t<div class=\"elementor-element elementor-element-1a2dcd02 e-flex e-con-boxed e-con e-parent\" data-id=\"1a2dcd02\" data-element_type=\"container\">\n\t\t\t\t\t<div class=\"e-con-inner\">\n\t\t\t\t<div class=\"elementor-element elementor-element-75b74de1 jltma-glass-effect-no elementor-widget elementor-widget-text-editor\" data-id=\"75b74de1\" data-element_type=\"widget\" data-widget_type=\"text-editor.default\">\n\t\t\t\t<div class=\"elementor-widget-container\">\n\t\t\t\t\t\t\t\t\t\n<h3><strong>Responsable du traitement des donn\u00e9es<\/strong><\/h3>\n<p>Le responsable du traitement des donn\u00e9es collect\u00e9es est <strong>AGRUMSA<\/strong>, dont le si\u00e8ge social est situ\u00e9 \u00e0 Benej\u00fazar 03390, Alicante, Espagne, propri\u00e9taire du site web : <a href=\"http:\/\/agrumsa.com\/\">www.agrumsa.com<\/a>.<\/p>\n<p>La pr\u00e9sente politique de confidentialit\u00e9 r\u00e9git la collecte et le traitement des donn\u00e9es personnelles fournies par les utilisateurs lorsqu&rsquo;ils acc\u00e8dent, naviguent ou utilisent les fonctionnalit\u00e9s du site web.<\/p>\n<h3><strong>Contact<\/strong><\/h3>\n<p>L&rsquo;utilisateur peut nous contacter par courrier \u00e9lectronique ou via les formulaires pr\u00e9vus \u00e0 cet effet sur le site Internet. Vous devez fournir vos donn\u00e9es d\u2019identification, ainsi que des informations sur le motif de la consultation. Agrumsa utilisera ces donn\u00e9es pour traiter la requ\u00eate et contacter l&rsquo;utilisateur. La base juridique du traitement de ces donn\u00e9es repose sur le consentement de l&rsquo;utilisateur. La dur\u00e9e de conservation des donn\u00e9es \u00e0 cette fin sera d&rsquo;un an, sauf si d&rsquo;autres dur\u00e9es sont applicables.    <\/p>\n<h3><strong>Ressources humaines<\/strong><\/h3>\n<p>L&rsquo;utilisateur peut contacter Agrumsa via le site Internet pour participer aux processus de s\u00e9lection en cours ou s&rsquo;inscrire aux candidatures disponibles. Pour ce faire, vous devez fournir vos donn\u00e9es d\u2019identification, ainsi que celles faisant r\u00e9f\u00e9rence \u00e0 votre formation professionnelle. Ces donn\u00e9es seront utilis\u00e9es pour inclure l&rsquo;utilisateur dans les processus de s\u00e9lection des offres d&#8217;emploi actives. Nous utiliserons ces informations pour analyser votre candidature et vous inclure dans les processus de s\u00e9lection d&rsquo;Agrumsa, avec tout ce que cela implique (organisation des entretiens, passage des tests, etc.). La dur\u00e9e de conservation des donn\u00e9es sera de cinq (5) ans. Agrumsa maintient un engagement ferme en faveur de l&rsquo;\u00e9limination de la discrimination en mati\u00e8re d&#8217;emploi et de profession, c&rsquo;est pourquoi elle garantit l&rsquo;application et l&rsquo;adoption de m\u00e9thodes et d&rsquo;outils appropri\u00e9s pour promouvoir l&rsquo;\u00e9galit\u00e9 de chances et de traitement tant dans l&rsquo;admission \u00e0 l&#8217;emploi que dans l&rsquo;acc\u00e8s \u00e0 l&#8217;emploi. moyens de formation professionnelle et dans l&rsquo;\u00e9volution des conditions de travail.     <\/p>\n<h3><strong>Cookies<\/strong><\/h3>\n<p>Le site Internet dispose d&rsquo;une technologie permettant d&rsquo;implanter des fichiers appel\u00e9s cookies sur l&rsquo;\u00e9quipement utilis\u00e9 pour acc\u00e9der et naviguer sur le site Internet. Les cookies peuvent \u00eatre bloqu\u00e9s ou d\u00e9sactiv\u00e9s \u00e0 tout moment via les options de configuration du navigateur. <\/p>\n<h3><strong>Exercice des droits<\/strong><\/h3>\n<p>Langue applicable \u00e0 la pr\u00e9sente politique de confidentialit\u00e9<\/p>\n<h3><strong>Langue applicable \u00e0 la pr\u00e9sente politique de confidentialit\u00e9<\/strong><\/h3>\n<p>La langue applicable \u00e0 cette politique de confidentialit\u00e9 est l\u2019espagnol. Toute version en langue \u00e9trang\u00e8re est destin\u00e9e \u00e0 votre commodit\u00e9 et \u00e0 faciliter votre compr\u00e9hension. Cependant, cette politique de confidentialit\u00e9 sera toujours r\u00e9gie par sa version espagnole. En cas de contradiction entre la politique de confidentialit\u00e9 dans n&rsquo;importe quelle langue et sa version espagnole, la version espagnole pr\u00e9vaudra.   <\/p>\n\t\t\t\t\t\t\t\t<\/div>\n\t\t\t\t<\/div>\n\t\t\t\t\t<\/div>\n\t\t\t\t<\/div>\n\t\t\t\t<\/div>\n\t\t","protected":false},"excerpt":{"rendered":"<p>Politique de confidentialit\u00e9 Responsable du traitement des donn\u00e9es Le responsable du traitement des donn\u00e9es collect\u00e9es est AGRUMSA, dont le si\u00e8ge social est situ\u00e9 \u00e0 Benej\u00fazar 03390, Alicante, Espagne, propri\u00e9taire du site web : www.agrumsa.com. La pr\u00e9sente politique de confidentialit\u00e9 r\u00e9git la collecte et le traitement des donn\u00e9es personnelles fournies par les utilisateurs lorsqu&rsquo;ils acc\u00e8dent, naviguent [&hellip;]<\/p>\n","protected":false},"author":1,"featured_media":0,"parent":0,"menu_order":0,"comment_status":"closed","ping_status":"closed","template":"elementor_header_footer","meta":{"footnotes":""},"class_list":["post-1661","page","type-page","status-publish","hentry"],"yoast_head":"<!-- This site is optimized with the Yoast SEO plugin v24.6 - https:\/\/yoast.com\/wordpress\/plugins\/seo\/ -->\n<title>Politique de confidentialit\u00e9 - Agrumsa<\/title>\n<meta name=\"robots\" content=\"index, follow, max-snippet:-1, max-image-preview:large, max-video-preview:-1\" \/>\n<link rel=\"canonical\" href=\"http:\/\/agrumsa.com\/fr\/politique-de-confidentialite\/\" \/>\n<meta property=\"og:locale\" content=\"fr_FR\" \/>\n<meta property=\"og:type\" content=\"article\" \/>\n<meta property=\"og:title\" content=\"Politique de confidentialit\u00e9 - Agrumsa\" \/>\n<meta property=\"og:description\" content=\"Politique de confidentialit\u00e9 Responsable du traitement des donn\u00e9es Le responsable du traitement des donn\u00e9es collect\u00e9es est AGRUMSA, dont le si\u00e8ge social est situ\u00e9 \u00e0 Benej\u00fazar 03390, Alicante, Espagne, propri\u00e9taire du site web : www.agrumsa.com. La pr\u00e9sente politique de confidentialit\u00e9 r\u00e9git la collecte et le traitement des donn\u00e9es personnelles fournies par les utilisateurs lorsqu&rsquo;ils acc\u00e8dent, naviguent [&hellip;]\" \/>\n<meta property=\"og:url\" content=\"http:\/\/agrumsa.com\/fr\/politique-de-confidentialite\/\" \/>\n<meta property=\"og:site_name\" content=\"Agrumsa\" \/>\n<meta name=\"twitter:card\" content=\"summary_large_image\" \/>\n<meta name=\"twitter:label1\" content=\"Dur\u00e9e de lecture estim\u00e9e\" \/>\n\t<meta name=\"twitter:data1\" content=\"2 minutes\" \/>\n<script type=\"application\/ld+json\" class=\"yoast-schema-graph\">{\"@context\":\"https:\/\/schema.org\",\"@graph\":[{\"@type\":\"WebPage\",\"@id\":\"http:\/\/agrumsa.com\/fr\/politique-de-confidentialite\/\",\"url\":\"http:\/\/agrumsa.com\/fr\/politique-de-confidentialite\/\",\"name\":\"Politique de confidentialit\u00e9 - Agrumsa\",\"isPartOf\":{\"@id\":\"https:\/\/agrumsa.com\/#website\"},\"datePublished\":\"2025-01-30T11:44:27+00:00\",\"breadcrumb\":{\"@id\":\"http:\/\/agrumsa.com\/fr\/politique-de-confidentialite\/#breadcrumb\"},\"inLanguage\":\"fr-FR\",\"potentialAction\":[{\"@type\":\"ReadAction\",\"target\":[\"http:\/\/agrumsa.com\/fr\/politique-de-confidentialite\/\"]}]},{\"@type\":\"BreadcrumbList\",\"@id\":\"http:\/\/agrumsa.com\/fr\/politique-de-confidentialite\/#breadcrumb\",\"itemListElement\":[{\"@type\":\"ListItem\",\"position\":1,\"name\":\"Portada\",\"item\":\"https:\/\/agrumsa.com\/fr\/\"},{\"@type\":\"ListItem\",\"position\":2,\"name\":\"Politique de confidentialit\u00e9\"}]},{\"@type\":\"WebSite\",\"@id\":\"https:\/\/agrumsa.com\/#website\",\"url\":\"https:\/\/agrumsa.com\/\",\"name\":\"Agrumsa\",\"description\":\"\",\"publisher\":{\"@id\":\"https:\/\/agrumsa.com\/#organization\"},\"potentialAction\":[{\"@type\":\"SearchAction\",\"target\":{\"@type\":\"EntryPoint\",\"urlTemplate\":\"https:\/\/agrumsa.com\/?s={search_term_string}\"},\"query-input\":{\"@type\":\"PropertyValueSpecification\",\"valueRequired\":true,\"valueName\":\"search_term_string\"}}],\"inLanguage\":\"fr-FR\"},{\"@type\":\"Organization\",\"@id\":\"https:\/\/agrumsa.com\/#organization\",\"name\":\"Agrumsa\",\"url\":\"https:\/\/agrumsa.com\/\",\"logo\":{\"@type\":\"ImageObject\",\"inLanguage\":\"fr-FR\",\"@id\":\"https:\/\/agrumsa.com\/#\/schema\/logo\/image\/\",\"url\":\"http:\/\/agrumsa.com\/wp-content\/uploads\/2023\/09\/logo-agrumsa.jpg\",\"contentUrl\":\"http:\/\/agrumsa.com\/wp-content\/uploads\/2023\/09\/logo-agrumsa.jpg\",\"width\":600,\"height\":165,\"caption\":\"Agrumsa\"},\"image\":{\"@id\":\"https:\/\/agrumsa.com\/#\/schema\/logo\/image\/\"}}]}<\/script>\n<!-- \/ Yoast SEO plugin. -->","yoast_head_json":{"title":"Politique de confidentialit\u00e9 - Agrumsa","robots":{"index":"index","follow":"follow","max-snippet":"max-snippet:-1","max-image-preview":"max-image-preview:large","max-video-preview":"max-video-preview:-1"},"canonical":"http:\/\/agrumsa.com\/fr\/politique-de-confidentialite\/","og_locale":"fr_FR","og_type":"article","og_title":"Politique de confidentialit\u00e9 - Agrumsa","og_description":"Politique de confidentialit\u00e9 Responsable du traitement des donn\u00e9es Le responsable du traitement des donn\u00e9es collect\u00e9es est AGRUMSA, dont le si\u00e8ge social est situ\u00e9 \u00e0 Benej\u00fazar 03390, Alicante, Espagne, propri\u00e9taire du site web : www.agrumsa.com. La pr\u00e9sente politique de confidentialit\u00e9 r\u00e9git la collecte et le traitement des donn\u00e9es personnelles fournies par les utilisateurs lorsqu&rsquo;ils acc\u00e8dent, naviguent [&hellip;]","og_url":"http:\/\/agrumsa.com\/fr\/politique-de-confidentialite\/","og_site_name":"Agrumsa","twitter_card":"summary_large_image","twitter_misc":{"Dur\u00e9e de lecture estim\u00e9e":"2 minutes"},"schema":{"@context":"https:\/\/schema.org","@graph":[{"@type":"WebPage","@id":"http:\/\/agrumsa.com\/fr\/politique-de-confidentialite\/","url":"http:\/\/agrumsa.com\/fr\/politique-de-confidentialite\/","name":"Politique de confidentialit\u00e9 - Agrumsa","isPartOf":{"@id":"https:\/\/agrumsa.com\/#website"},"datePublished":"2025-01-30T11:44:27+00:00","breadcrumb":{"@id":"http:\/\/agrumsa.com\/fr\/politique-de-confidentialite\/#breadcrumb"},"inLanguage":"fr-FR","potentialAction":[{"@type":"ReadAction","target":["http:\/\/agrumsa.com\/fr\/politique-de-confidentialite\/"]}]},{"@type":"BreadcrumbList","@id":"http:\/\/agrumsa.com\/fr\/politique-de-confidentialite\/#breadcrumb","itemListElement":[{"@type":"ListItem","position":1,"name":"Portada","item":"https:\/\/agrumsa.com\/fr\/"},{"@type":"ListItem","position":2,"name":"Politique de confidentialit\u00e9"}]},{"@type":"WebSite","@id":"https:\/\/agrumsa.com\/#website","url":"https:\/\/agrumsa.com\/","name":"Agrumsa","description":"","publisher":{"@id":"https:\/\/agrumsa.com\/#organization"},"potentialAction":[{"@type":"SearchAction","target":{"@type":"EntryPoint","urlTemplate":"https:\/\/agrumsa.com\/?s={search_term_string}"},"query-input":{"@type":"PropertyValueSpecification","valueRequired":true,"valueName":"search_term_string"}}],"inLanguage":"fr-FR"},{"@type":"Organization","@id":"https:\/\/agrumsa.com\/#organization","name":"Agrumsa","url":"https:\/\/agrumsa.com\/","logo":{"@type":"ImageObject","inLanguage":"fr-FR","@id":"https:\/\/agrumsa.com\/#\/schema\/logo\/image\/","url":"http:\/\/agrumsa.com\/wp-content\/uploads\/2023\/09\/logo-agrumsa.jpg","contentUrl":"http:\/\/agrumsa.com\/wp-content\/uploads\/2023\/09\/logo-agrumsa.jpg","width":600,"height":165,"caption":"Agrumsa"},"image":{"@id":"https:\/\/agrumsa.com\/#\/schema\/logo\/image\/"}}]}},"_links":{"self":[{"href":"http:\/\/agrumsa.com\/fr\/wp-json\/wp\/v2\/pages\/1661","targetHints":{"allow":["GET"]}}],"collection":[{"href":"http:\/\/agrumsa.com\/fr\/wp-json\/wp\/v2\/pages"}],"about":[{"href":"http:\/\/agrumsa.com\/fr\/wp-json\/wp\/v2\/types\/page"}],"author":[{"embeddable":true,"href":"http:\/\/agrumsa.com\/fr\/wp-json\/wp\/v2\/users\/1"}],"replies":[{"embeddable":true,"href":"http:\/\/agrumsa.com\/fr\/wp-json\/wp\/v2\/comments?post=1661"}],"version-history":[{"count":5,"href":"http:\/\/agrumsa.com\/fr\/wp-json\/wp\/v2\/pages\/1661\/revisions"}],"predecessor-version":[{"id":1676,"href":"http:\/\/agrumsa.com\/fr\/wp-json\/wp\/v2\/pages\/1661\/revisions\/1676"}],"wp:attachment":[{"href":"http:\/\/agrumsa.com\/fr\/wp-json\/wp\/v2\/media?parent=1661"}],"curies":[{"name":"wp","href":"https:\/\/api.w.org\/{rel}","templated":true}]}}