{"id":1619,"date":"2023-12-21T14:42:30","date_gmt":"2023-12-21T14:42:30","guid":{"rendered":"https:\/\/agrumsa.com\/politique-de-cookies\/"},"modified":"2024-10-03T18:03:37","modified_gmt":"2024-10-03T18:03:37","slug":"politique-de-cookies","status":"publish","type":"page","link":"http:\/\/agrumsa.com\/fr\/politique-de-cookies\/","title":{"rendered":"Politique de cookies"},"content":{"rendered":"\t\t<div data-elementor-type=\"wp-page\" data-elementor-id=\"1619\" class=\"elementor elementor-1619 elementor-1070\" data-elementor-post-type=\"page\">\n\t\t\t\t<div class=\"elementor-element elementor-element-370e8e5 e-con-full e-flex e-con e-parent\" data-id=\"370e8e5\" data-element_type=\"container\" data-settings=\"{&quot;background_background&quot;:&quot;classic&quot;}\">\n\t\t\t\t<div class=\"elementor-element elementor-element-5da7c49 jltma-glass-effect-no elementor-widget elementor-widget-heading\" data-id=\"5da7c49\" data-element_type=\"widget\" data-widget_type=\"heading.default\">\n\t\t\t\t<div class=\"elementor-widget-container\">\n\t\t\t\t\t<h2 class=\"elementor-heading-title elementor-size-default\">Politique de cookies<\/h2>\t\t\t\t<\/div>\n\t\t\t\t<\/div>\n\t\t\t\t<\/div>\n\t\t<div class=\"elementor-element elementor-element-1a2dcd02 e-flex e-con-boxed e-con e-parent\" data-id=\"1a2dcd02\" data-element_type=\"container\">\n\t\t\t\t\t<div class=\"e-con-inner\">\n\t\t\t\t<div class=\"elementor-element elementor-element-75b74de1 jltma-glass-effect-no elementor-widget elementor-widget-text-editor\" data-id=\"75b74de1\" data-element_type=\"widget\" data-widget_type=\"text-editor.default\">\n\t\t\t\t<div class=\"elementor-widget-container\">\n\t\t\t\t\t\t\t\t\t\n<h3><strong>Quels cookies utilisons-nous ?<\/strong><\/h3>\n<p>Pour conna\u00eetre les cookies que nous utilisons sur ce site, n&rsquo;oubliez pas que vous pouvez acc\u00e9der \u00e0 notre politique en mati\u00e8re de cookies ainsi qu&rsquo;\u00e0 la liste et \u00e0 la description des cookies.<\/p>\n<h3><strong>CONDITIONS D&rsquo;UTILISATION<\/strong><\/h3>\n<p>Les conditions g\u00e9n\u00e9rales contenues dans le pr\u00e9sent avis l\u00e9gal r\u00e9gissent l&rsquo;acc\u00e8s et l&rsquo;utilisation du site Internet qu&rsquo;Agrumsa met en principe gratuitement \u00e0 la disposition des internautes, sans pr\u00e9judice du fait que cette circonstance puisse varier dans le futur. L&rsquo;acc\u00e8s \u00e0 celui-ci implique l&rsquo;acceptation sans r\u00e9serve des pr\u00e9sentes conditions. L&rsquo;utilisation de certains services propos\u00e9s sur ce site sera \u00e9galement r\u00e9gie par les conditions particuli\u00e8res pr\u00e9vues dans chaque cas, qui seront r\u00e9put\u00e9es accept\u00e9es par la simple utilisation de ces services.  <\/p>\n<h3><strong>AUTORISATION<\/strong><\/h3>\n<p>La visualisation, l&rsquo;impression et le t\u00e9l\u00e9chargement partiel du contenu du site Internet ne sont autoris\u00e9s que et exclusivement si les conditions suivantes sont remplies :<\/p>\n<p>\u2022 Qu&rsquo;il est compatible avec les finalit\u00e9s de la page Web.<br>\u2022 Qu&rsquo;elle soit r\u00e9alis\u00e9e dans le but exclusif d&rsquo;obtenir les informations contenues pour un usage personnel et priv\u00e9. Son utilisation \u00e0 des fins commerciales ou \u00e0 des fins de distribution, de communication publique, de transformation ou de d\u00e9compilation est express\u00e9ment interdite. <br>\u2022 Qu&rsquo;aucun des contenus li\u00e9s \u00e0 la page Web ne soit modifi\u00e9 de quelque mani\u00e8re que ce soit.<br>\u2022 Qu&rsquo;aucun graphique, ic\u00f4ne ou image disponible sur la page Web ne soit utilis\u00e9, copi\u00e9 ou distribu\u00e9 s\u00e9par\u00e9ment du reste des images qui l&rsquo;accompagnent.<\/p>\n<p>L&rsquo;utilisation non autoris\u00e9e des informations contenues sur le site Web, leur revente, ainsi que l&rsquo;atteinte aux droits de propri\u00e9t\u00e9 intellectuelle ou industrielle d&rsquo;Agrumsa donneront lieu \u00e0 des responsabilit\u00e9s l\u00e9galement \u00e9tablies.<\/p>\n<h3><strong>FONCTIONNEMENT ET DISPONIBILIT\u00c9 DU SITE WEB :<\/strong><\/h3>\n<p>Agrumsa se r\u00e9serve le droit d&rsquo;effectuer, \u00e0 tout moment et sans pr\u00e9avis, des modifications et des mises \u00e0 jour des informations contenues sur le site, de sa configuration et de sa pr\u00e9sentation, ainsi que des conditions d&rsquo;acc\u00e8s.<br>Agrumsa n&rsquo;est pas responsable des erreurs de s\u00e9curit\u00e9 qui pourraient survenir ni des dommages qui pourraient survenir.<br>pouvant \u00eatre caus\u00e9s au syst\u00e8me informatique de l&rsquo;utilisateur (mat\u00e9riel et logiciel), ou aux fichiers ou documents<br>qui y sont stock\u00e9s, en cons\u00e9quence de :<br>\u2022 La pr\u00e9sence d&rsquo;un virus sur l&rsquo;ordinateur de l&rsquo;utilisateur utilis\u00e9 pour se connecter aux services et contenus du site Internet.<br>\u2022 Dysfonctionnement du navigateur<br>\u2022 Utilisation de versions non mises \u00e0 jour de ceux-ci<br>Agrumsa ne garantit pas l&rsquo;absence de virus ou d&rsquo;autres \u00e9l\u00e9ments sur le site Web introduits par des tiers autres qu&rsquo;Agrumsa qui pourraient provoquer des alt\u00e9rations dans les syst\u00e8mes physiques ou logiques des utilisateurs ou dans les documents et fichiers \u00e9lectroniques stock\u00e9s dans leurs syst\u00e8mes. Par cons\u00e9quent, Agrumsa ne sera en aucun cas responsable des dommages de toute nature pouvant r\u00e9sulter de la pr\u00e9sence de virus ou d&rsquo;autres \u00e9l\u00e9ments susceptibles de provoquer des alt\u00e9rations dans les syst\u00e8mes physiques ou logiques,<br>documents ou fichiers \u00e9lectroniques des Utilisateurs.<br>De m\u00eame, Agrumsa utilise diverses mesures pour prot\u00e9ger son site Internet contre les attaques informatiques de tiers. Agrumsa ne garantit toutefois pas que des tiers non autoris\u00e9s puissent avoir acc\u00e8s au type de<br>l&rsquo;utilisation du Site Web par l&rsquo;Utilisateur ou les conditions, caract\u00e9ristiques et circonstances dans lesquelles cette utilisation est effectu\u00e9e. Par cons\u00e9quent, Agrumsa ne sera en aucun cas responsable des dommages et pertes que<br>pourrait r\u00e9sulter d\u2019un tel acc\u00e8s non autoris\u00e9.<br>Agrumsa ne garantit pas l&rsquo;absence d&rsquo;interruptions ou d&rsquo;erreurs dans l&rsquo;acc\u00e8s au site Web ou \u00e0 son contenu.<br>contenu, ni qu&rsquo;il soit mis \u00e0 jour. Agrumsa ex\u00e9cutera, \u00e0 condition qu&rsquo;il n&rsquo;y ait aucune cause qui rende l&rsquo;ex\u00e9cution impossible ou difficile et d\u00e8s qu&rsquo;elle aura connaissance des erreurs, d\u00e9connexions ou<br>manque de mise \u00e0 jour du contenu, toutes ces t\u00e2ches visant \u00e0 corriger les erreurs, \u00e0 restaurer le<br>communication et mise \u00e0 jour du contenu.<br>Agrumsa se r\u00e9serve le droit d&rsquo;interrompre l&rsquo;acc\u00e8s \u00e0 son site Web ou \u00e0 l&rsquo;un de ses contenus \u00e0 tout moment et sans pr\u00e9avis.    <\/p>\n<h3><strong>CONTENU ET QUALIT\u00c9 DE SERVICE<\/strong><\/h3>\n<p>Agrumsa n&rsquo;assume aucune responsabilit\u00e9 d\u00e9riv\u00e9e des contenus li\u00e9s sur le site Web,<br>\u00e0 condition qu&rsquo;ils ne lui soient pas li\u00e9s, et ne garantit pas non plus l&rsquo;absence de virus ou d&rsquo;autres \u00e9l\u00e9ments susceptibles de provoquer des alt\u00e9rations dans le syst\u00e8me informatique (mat\u00e9riel et logiciel), dans les documents ou fichiers de l&rsquo;utilisateur, \u00e0 l&rsquo;exclusion de toute responsabilit\u00e9 pour dommages de toute nature. caus\u00e9 \u00e0 l&rsquo;utilisateur pour cette raison.<br>Dans le cas o\u00f9 un utilisateur, un client ou un tiers estime que le contenu ou les services fournis par les pages li\u00e9es sont ill\u00e9gaux ou portent atteinte \u00e0 la propri\u00e9t\u00e9 ou aux droits de l&rsquo;utilisateur, d&rsquo;un client ou d&rsquo;un tiers sous r\u00e9serve d&rsquo;indemnisation, et notamment constitu\u00e9s de:<br>\u2022 Activit\u00e9s ou contenus pouvant \u00eatre consid\u00e9r\u00e9s comme criminels conform\u00e9ment \u00e0 la r\u00e9glementation p\u00e9nale espagnole.<br>\u2022 Activit\u00e9s ou contenus qui violent les droits de propri\u00e9t\u00e9 intellectuelle ou industrielle.<br>\u2022 Activit\u00e9s ou contenus mettant en danger l&rsquo;ordre public, les enqu\u00eates criminelles, la s\u00e9curit\u00e9 publique et la d\u00e9fense nationale.<br>\u2022 Activit\u00e9s ou contenus mettant en danger la protection de la sant\u00e9 publique, le respect de la dignit\u00e9 de la personne et le principe de non-discrimination, ainsi que la protection de la sant\u00e9 et de l&rsquo;enfance.<br>Vous pouvez informer Agrumsa, cependant, la r\u00e9ception par elle de ladite communication n&rsquo;impliquera pas la connaissance aux fins de la responsabilit\u00e9 pr\u00e9vue \u00e0 l&rsquo;article 17 de la LSSICE. Agrumsa n&rsquo;est pas responsable du manque d&rsquo;utilit\u00e9 ou d&rsquo;ad\u00e9quation \u00e0 une utilisation sp\u00e9cifique du. pr\u00e9sent<br>Site web. Il n&rsquo;est pas non plus responsable des dommages que l&rsquo;Utilisateur pourrait subir en raison d&rsquo;erreurs ou d&rsquo;omissions du<br>qui peuvent affecter le contenu de ce site Web, m\u00eame s&rsquo;il s&rsquo;engage \u00e0 v\u00e9rifier et surveiller p\u00e9riodiquement son contenu et ses informations. <\/p>\n<h3><strong>UTILISATION DU PORTAIL WEB<\/strong><\/h3>\n<p>Agrumsa ne sera en aucun cas responsable de l&rsquo;utilisation que les utilisateurs pourront faire du site Web ou de son contenu, ni des dommages qui pourraient en d\u00e9couler.<\/p>\n<h3><strong>LIENS VERS D&rsquo;AUTRES SITES WEB<\/strong><\/h3>\n<p>Tout lien tiers vers le site Web doit renvoyer vers sa page principale et les liens sont express\u00e9ment interdits.<br>\u00ab liens profonds \u00bb, \u00ab framing \u00bb et toute autre utilisation du contenu du site Web, en faveur de tiers non autoris\u00e9s.<br>Gr\u00e2ce \u00e0 ce site Web, l&rsquo;utilisateur peut acc\u00e9der \u00e0 des sites Web appartenant et\/ou g\u00e9r\u00e9s par des tiers.<br>La pr\u00e9sence de tels liens est purement informative et ne constitue en aucun cas une invitation \u00e0 contracter des produits ou services propos\u00e9s sur le site Internet de destination. L&rsquo;Utilisateur acc\u00e9dera aux contenus sous sa responsabilit\u00e9 exclusive, et dans les conditions d&rsquo;utilisation qui les r\u00e9gissent. L&rsquo;Utilisateur reconna\u00eet et accepte qu&rsquo;Agrumsa n&rsquo;est pas responsable, directement ou indirectement, de tout dommage et<br>les dommages caus\u00e9s par l&rsquo;acc\u00e8s \u00e0 ces liens.<br>Dans le cas o\u00f9 Agrumsa aurait effectivement connaissance que l&rsquo;information ou l&rsquo;activit\u00e9 mentionn\u00e9e \u00e0 partir desdits liens est ill\u00e9gale, constitue un d\u00e9lit ou peut porter atteinte \u00e0 la propri\u00e9t\u00e9 ou aux droits d&rsquo;un tiers susceptible d&rsquo;\u00eatre indemnis\u00e9, elle agira avec la diligence n\u00e9cessaire pour supprimer ou d\u00e9sactiver l&rsquo;information ou l&rsquo;activit\u00e9 mentionn\u00e9e \u00e0 partir desdits liens. lien<br>correspondant dans les plus brefs d\u00e9lais  <\/p>\n<h3><strong>PROPRI\u00c9T\u00c9 INDUSTRIELLE<\/strong><\/h3>\n<p>L&rsquo;utilisation du Site ne conf\u00e8re \u00e0 l&rsquo;utilisateur aucun droit sur les marques, noms commerciaux, signes distinctifs ou dessins de toute nature figurant sur le Site.<br>Articles, actualit\u00e9s, l\u00e9gislation et autres contenus publics dont les droits de propri\u00e9t\u00e9 intellectuelle ne<br>appartenant \u00e0 Agrumsa sont publi\u00e9s dans le seul but d&rsquo;informer les utilisateurs de cette page.<br>Agrumsa est propri\u00e9taire du code source, de la conception, de la structure de navigation, des bases de donn\u00e9es et des diff\u00e9rents \u00e9l\u00e9ments logiciels du site Internet, ainsi que des droits de propri\u00e9t\u00e9 industrielle et intellectuelle mentionn\u00e9s.<br>au contenu qui y est inclus.<\/p>\n<h3><strong>LOI APPLICABLE ET JURIDICTION :<\/strong><\/h3>\n<p>Agrumsa se r\u00e9serve le droit d&rsquo;engager des poursuites civiles ou p\u00e9nales qu&rsquo;elle juge appropri\u00e9es en cas d&rsquo;utilisation inappropri\u00e9e de son site Web ou de non-respect de ces conditions.<br>La relation entre l&rsquo;utilisateur et le prestataire sera r\u00e9gie par la r\u00e9glementation en vigueur et applicable sur le territoire.<br>Espagnol. En cas de controverse, les parties pourront soumettre leurs conflits dans le respect des r\u00e8gles.<br>sur la juridiction et la comp\u00e9tence \u00e0 cet \u00e9gard. Agrumsa est domicili\u00e9e \u00e0 Benej\u00fazar 03390, Alicante, Espagne.  <\/p>\n\t\t\t\t\t\t\t\t<\/div>\n\t\t\t\t<\/div>\n\t\t\t\t\t<\/div>\n\t\t\t\t<\/div>\n\t\t\t\t<\/div>\n\t\t","protected":false},"excerpt":{"rendered":"<p>Politique de cookies Quels cookies utilisons-nous ? Pour conna\u00eetre les cookies que nous utilisons sur ce site, n&rsquo;oubliez pas que vous pouvez acc\u00e9der \u00e0 notre politique en mati\u00e8re de cookies ainsi qu&rsquo;\u00e0 la liste et \u00e0 la description des cookies. CONDITIONS D&rsquo;UTILISATION Les conditions g\u00e9n\u00e9rales contenues dans le pr\u00e9sent avis l\u00e9gal r\u00e9gissent l&rsquo;acc\u00e8s et l&rsquo;utilisation [&hellip;]<\/p>\n","protected":false},"author":1,"featured_media":0,"parent":0,"menu_order":0,"comment_status":"closed","ping_status":"closed","template":"elementor_header_footer","meta":{"footnotes":""},"class_list":["post-1619","page","type-page","status-publish","hentry"],"yoast_head":"<!-- This site is optimized with the Yoast SEO plugin v24.6 - https:\/\/yoast.com\/wordpress\/plugins\/seo\/ -->\n<title>Politique de cookies - Agrumsa<\/title>\n<meta name=\"robots\" content=\"index, follow, max-snippet:-1, max-image-preview:large, max-video-preview:-1\" \/>\n<link rel=\"canonical\" href=\"http:\/\/agrumsa.com\/fr\/politique-de-cookies\/\" \/>\n<meta property=\"og:locale\" content=\"fr_FR\" \/>\n<meta property=\"og:type\" content=\"article\" \/>\n<meta property=\"og:title\" content=\"Politique de cookies - Agrumsa\" \/>\n<meta property=\"og:description\" content=\"Politique de cookies Quels cookies utilisons-nous ? Pour conna\u00eetre les cookies que nous utilisons sur ce site, n&rsquo;oubliez pas que vous pouvez acc\u00e9der \u00e0 notre politique en mati\u00e8re de cookies ainsi qu&rsquo;\u00e0 la liste et \u00e0 la description des cookies. CONDITIONS D&rsquo;UTILISATION Les conditions g\u00e9n\u00e9rales contenues dans le pr\u00e9sent avis l\u00e9gal r\u00e9gissent l&rsquo;acc\u00e8s et l&rsquo;utilisation [&hellip;]\" \/>\n<meta property=\"og:url\" content=\"http:\/\/agrumsa.com\/fr\/politique-de-cookies\/\" \/>\n<meta property=\"og:site_name\" content=\"Agrumsa\" \/>\n<meta property=\"article:modified_time\" content=\"2024-10-03T18:03:37+00:00\" \/>\n<meta name=\"twitter:card\" content=\"summary_large_image\" \/>\n<meta name=\"twitter:label1\" content=\"Dur\u00e9e de lecture estim\u00e9e\" \/>\n\t<meta name=\"twitter:data1\" content=\"7 minutes\" \/>\n<script type=\"application\/ld+json\" class=\"yoast-schema-graph\">{\"@context\":\"https:\/\/schema.org\",\"@graph\":[{\"@type\":\"WebPage\",\"@id\":\"http:\/\/agrumsa.com\/fr\/politique-de-cookies\/\",\"url\":\"http:\/\/agrumsa.com\/fr\/politique-de-cookies\/\",\"name\":\"Politique de cookies - Agrumsa\",\"isPartOf\":{\"@id\":\"https:\/\/agrumsa.com\/#website\"},\"datePublished\":\"2023-12-21T14:42:30+00:00\",\"dateModified\":\"2024-10-03T18:03:37+00:00\",\"breadcrumb\":{\"@id\":\"http:\/\/agrumsa.com\/fr\/politique-de-cookies\/#breadcrumb\"},\"inLanguage\":\"fr-FR\",\"potentialAction\":[{\"@type\":\"ReadAction\",\"target\":[\"http:\/\/agrumsa.com\/fr\/politique-de-cookies\/\"]}]},{\"@type\":\"BreadcrumbList\",\"@id\":\"http:\/\/agrumsa.com\/fr\/politique-de-cookies\/#breadcrumb\",\"itemListElement\":[{\"@type\":\"ListItem\",\"position\":1,\"name\":\"Portada\",\"item\":\"https:\/\/agrumsa.com\/fr\/\"},{\"@type\":\"ListItem\",\"position\":2,\"name\":\"Politique de cookies\"}]},{\"@type\":\"WebSite\",\"@id\":\"https:\/\/agrumsa.com\/#website\",\"url\":\"https:\/\/agrumsa.com\/\",\"name\":\"Agrumsa\",\"description\":\"\",\"publisher\":{\"@id\":\"https:\/\/agrumsa.com\/#organization\"},\"potentialAction\":[{\"@type\":\"SearchAction\",\"target\":{\"@type\":\"EntryPoint\",\"urlTemplate\":\"https:\/\/agrumsa.com\/?s={search_term_string}\"},\"query-input\":{\"@type\":\"PropertyValueSpecification\",\"valueRequired\":true,\"valueName\":\"search_term_string\"}}],\"inLanguage\":\"fr-FR\"},{\"@type\":\"Organization\",\"@id\":\"https:\/\/agrumsa.com\/#organization\",\"name\":\"Agrumsa\",\"url\":\"https:\/\/agrumsa.com\/\",\"logo\":{\"@type\":\"ImageObject\",\"inLanguage\":\"fr-FR\",\"@id\":\"https:\/\/agrumsa.com\/#\/schema\/logo\/image\/\",\"url\":\"http:\/\/agrumsa.com\/wp-content\/uploads\/2023\/09\/logo-agrumsa.jpg\",\"contentUrl\":\"http:\/\/agrumsa.com\/wp-content\/uploads\/2023\/09\/logo-agrumsa.jpg\",\"width\":600,\"height\":165,\"caption\":\"Agrumsa\"},\"image\":{\"@id\":\"https:\/\/agrumsa.com\/#\/schema\/logo\/image\/\"}}]}<\/script>\n<!-- \/ Yoast SEO plugin. -->","yoast_head_json":{"title":"Politique de cookies - Agrumsa","robots":{"index":"index","follow":"follow","max-snippet":"max-snippet:-1","max-image-preview":"max-image-preview:large","max-video-preview":"max-video-preview:-1"},"canonical":"http:\/\/agrumsa.com\/fr\/politique-de-cookies\/","og_locale":"fr_FR","og_type":"article","og_title":"Politique de cookies - Agrumsa","og_description":"Politique de cookies Quels cookies utilisons-nous ? Pour conna\u00eetre les cookies que nous utilisons sur ce site, n&rsquo;oubliez pas que vous pouvez acc\u00e9der \u00e0 notre politique en mati\u00e8re de cookies ainsi qu&rsquo;\u00e0 la liste et \u00e0 la description des cookies. CONDITIONS D&rsquo;UTILISATION Les conditions g\u00e9n\u00e9rales contenues dans le pr\u00e9sent avis l\u00e9gal r\u00e9gissent l&rsquo;acc\u00e8s et l&rsquo;utilisation [&hellip;]","og_url":"http:\/\/agrumsa.com\/fr\/politique-de-cookies\/","og_site_name":"Agrumsa","article_modified_time":"2024-10-03T18:03:37+00:00","twitter_card":"summary_large_image","twitter_misc":{"Dur\u00e9e de lecture estim\u00e9e":"7 minutes"},"schema":{"@context":"https:\/\/schema.org","@graph":[{"@type":"WebPage","@id":"http:\/\/agrumsa.com\/fr\/politique-de-cookies\/","url":"http:\/\/agrumsa.com\/fr\/politique-de-cookies\/","name":"Politique de cookies - Agrumsa","isPartOf":{"@id":"https:\/\/agrumsa.com\/#website"},"datePublished":"2023-12-21T14:42:30+00:00","dateModified":"2024-10-03T18:03:37+00:00","breadcrumb":{"@id":"http:\/\/agrumsa.com\/fr\/politique-de-cookies\/#breadcrumb"},"inLanguage":"fr-FR","potentialAction":[{"@type":"ReadAction","target":["http:\/\/agrumsa.com\/fr\/politique-de-cookies\/"]}]},{"@type":"BreadcrumbList","@id":"http:\/\/agrumsa.com\/fr\/politique-de-cookies\/#breadcrumb","itemListElement":[{"@type":"ListItem","position":1,"name":"Portada","item":"https:\/\/agrumsa.com\/fr\/"},{"@type":"ListItem","position":2,"name":"Politique de cookies"}]},{"@type":"WebSite","@id":"https:\/\/agrumsa.com\/#website","url":"https:\/\/agrumsa.com\/","name":"Agrumsa","description":"","publisher":{"@id":"https:\/\/agrumsa.com\/#organization"},"potentialAction":[{"@type":"SearchAction","target":{"@type":"EntryPoint","urlTemplate":"https:\/\/agrumsa.com\/?s={search_term_string}"},"query-input":{"@type":"PropertyValueSpecification","valueRequired":true,"valueName":"search_term_string"}}],"inLanguage":"fr-FR"},{"@type":"Organization","@id":"https:\/\/agrumsa.com\/#organization","name":"Agrumsa","url":"https:\/\/agrumsa.com\/","logo":{"@type":"ImageObject","inLanguage":"fr-FR","@id":"https:\/\/agrumsa.com\/#\/schema\/logo\/image\/","url":"http:\/\/agrumsa.com\/wp-content\/uploads\/2023\/09\/logo-agrumsa.jpg","contentUrl":"http:\/\/agrumsa.com\/wp-content\/uploads\/2023\/09\/logo-agrumsa.jpg","width":600,"height":165,"caption":"Agrumsa"},"image":{"@id":"https:\/\/agrumsa.com\/#\/schema\/logo\/image\/"}}]}},"_links":{"self":[{"href":"http:\/\/agrumsa.com\/fr\/wp-json\/wp\/v2\/pages\/1619","targetHints":{"allow":["GET"]}}],"collection":[{"href":"http:\/\/agrumsa.com\/fr\/wp-json\/wp\/v2\/pages"}],"about":[{"href":"http:\/\/agrumsa.com\/fr\/wp-json\/wp\/v2\/types\/page"}],"author":[{"embeddable":true,"href":"http:\/\/agrumsa.com\/fr\/wp-json\/wp\/v2\/users\/1"}],"replies":[{"embeddable":true,"href":"http:\/\/agrumsa.com\/fr\/wp-json\/wp\/v2\/comments?post=1619"}],"version-history":[{"count":3,"href":"http:\/\/agrumsa.com\/fr\/wp-json\/wp\/v2\/pages\/1619\/revisions"}],"predecessor-version":[{"id":1622,"href":"http:\/\/agrumsa.com\/fr\/wp-json\/wp\/v2\/pages\/1619\/revisions\/1622"}],"wp:attachment":[{"href":"http:\/\/agrumsa.com\/fr\/wp-json\/wp\/v2\/media?parent=1619"}],"curies":[{"name":"wp","href":"https:\/\/api.w.org\/{rel}","templated":true}]}}